{"id":99,"date":"2022-09-17T16:57:26","date_gmt":"2022-09-17T14:57:26","guid":{"rendered":"https:\/\/www.ktv-ternberg.at\/?page_id=99"},"modified":"2024-11-19T18:17:03","modified_gmt":"2024-11-19T17:17:03","slug":"reduzierung-analogprogramme","status":"publish","type":"page","link":"https:\/\/www.ktv-ternberg.at\/index.php\/reduzierung-analogprogramme\/","title":{"rendered":"Reduzierung Analogprogramme"},"content":{"rendered":"\n<h2 class=\"wp-block-heading\">Reduzierung der Analogprogramme und Erweiterung des Digitalangebotes!<\/h2>\n\n\n\n<p>Um den technischen Anforderungen weiterhin gerecht zu bleiben, ist es nun an der Zeit sich von der veralteten \u201eAnalogtechnologie\u201c im TV-Bereich zu verabschieden! Der Trend geht zu hochaufl\u00f6senden Fernsehbildern in High Definition (HD) mit 1920&#215;1080 Bildpunkten (ca. 2 Megapixel) und Ultra HD (Ultra High Definition Television &#8211; 4K) mit 3840&#215;2160 Bildpunkten (ca. 8 Megapixel).<br>Das digitalen SD Signal (Standard Definition Television) mit 768&#215;576 Bildpunkten wird mittelfristig von den Fernsehstationen nicht mehr gesendet werden. Der ORF stellt die SD-Ausstrahlung \u00fcber Satellit Ende 2024 ein.<br>Kabel TV-Ternberg wird die \u201eAbschaltung\u201c des Analogsignales, im Gegensatz zu anderen Kabelbetreibern, schrittweise durchf\u00fchren. Durch diesen gestaffelten Abschaltprozess soll es den Mitgliedern leichter fallen, sich von den alten analogen R\u00f6hrenfernsehger\u00e4ten zu verabschieden.<br>Auch werden die Radioprogramme (UKW) weiter verf\u00fcgbar bleiben.<br>Die Empfangsanlage in Gro\u00dfternberg wird bei dieser Umstellung weiter modernisiert. F\u00fcr eine einfachere Einstellung der Digitalfernsehger\u00e4te kommt ein LCN System (Logical Channel Numbering = logische Kanalnummerierung) zum Einsatz. Endger\u00e4te, die mit dieser Funktionalit\u00e4t ausger\u00fcstet sind, k\u00f6nnen anhand einer vom Sender \u00fcbertragenen Kanalnummer diese dem entsprechenden Kanal auf dem Empfangsger\u00e4t zuordnen. Dem Benutzer bleibt dadurch die manuelle Zuordnung der empfangenen Sender zu den Kanalnummern des Endger\u00e4tes erspart.<br>Gleichzeitig soll das Programmangebot um einige HD- und internationale Programme erweitert werden.<br>Durch die frei werdenden Analogkan\u00e4le kann nun auch das Breitbandinternet ausgebaut werden. Diese Umstellung auf \u201eEuroDOCSIS 3\u201c Standard bringt, durch B\u00fcndelung mehrerer Kan\u00e4le, eine gro\u00dfe Steigerung der m\u00f6glichen Geschwindigkeiten mit sich.\u00a0 Bandbreiten bis 800 Mbit\/s im Downstream und 100Mbit\/s im Upstream sollen m\u00f6glich werden.<\/p>\n","protected":false},"excerpt":{"rendered":"<p>Reduzierung der Analogprogramme und Erweiterung des Digitalangebotes! Um den technischen Anforderungen weiterhin gerecht zu bleiben, ist es nun an der Zeit sich von der veralteten \u201eAnalogtechnologie\u201c im TV-Bereich zu verabschieden! Der Trend geht zu hochaufl\u00f6senden Fernsehbildern in High Definition (HD) mit 1920&#215;1080 Bildpunkten (ca. 2 Megapixel) und Ultra HD (Ultra High Definition Television &#8211; 4K)&hellip;&nbsp;<a href=\"https:\/\/www.ktv-ternberg.at\/index.php\/reduzierung-analogprogramme\/\" rel=\"bookmark\">Weiterlesen &raquo;<span class=\"screen-reader-text\">Reduzierung Analogprogramme<\/span><\/a><\/p>\n","protected":false},"author":1,"featured_media":0,"parent":0,"menu_order":0,"comment_status":"closed","ping_status":"closed","template":"","meta":{"neve_meta_sidebar":"","neve_meta_container":"","neve_meta_enable_content_width":"","neve_meta_content_width":0,"neve_meta_title_alignment":"","neve_meta_author_avatar":"","neve_post_elements_order":"","neve_meta_disable_header":"","neve_meta_disable_footer":"","neve_meta_disable_title":"","footnotes":""},"class_list":["post-99","page","type-page","status-publish","hentry"],"_links":{"self":[{"href":"https:\/\/www.ktv-ternberg.at\/index.php\/wp-json\/wp\/v2\/pages\/99","targetHints":{"allow":["GET"]}}],"collection":[{"href":"https:\/\/www.ktv-ternberg.at\/index.php\/wp-json\/wp\/v2\/pages"}],"about":[{"href":"https:\/\/www.ktv-ternberg.at\/index.php\/wp-json\/wp\/v2\/types\/page"}],"author":[{"embeddable":true,"href":"https:\/\/www.ktv-ternberg.at\/index.php\/wp-json\/wp\/v2\/users\/1"}],"replies":[{"embeddable":true,"href":"https:\/\/www.ktv-ternberg.at\/index.php\/wp-json\/wp\/v2\/comments?post=99"}],"version-history":[{"count":3,"href":"https:\/\/www.ktv-ternberg.at\/index.php\/wp-json\/wp\/v2\/pages\/99\/revisions"}],"predecessor-version":[{"id":358,"href":"https:\/\/www.ktv-ternberg.at\/index.php\/wp-json\/wp\/v2\/pages\/99\/revisions\/358"}],"wp:attachment":[{"href":"https:\/\/www.ktv-ternberg.at\/index.php\/wp-json\/wp\/v2\/media?parent=99"}],"curies":[{"name":"wp","href":"https:\/\/api.w.org\/{rel}","templated":true}]}}