{"id":93,"date":"2022-09-17T16:54:39","date_gmt":"2022-09-17T14:54:39","guid":{"rendered":"https:\/\/www.ktv-ternberg.at\/?page_id=93"},"modified":"2025-02-02T17:47:53","modified_gmt":"2025-02-02T16:47:53","slug":"radio-programme","status":"publish","type":"page","link":"https:\/\/www.ktv-ternberg.at\/index.php\/radio-programme\/","title":{"rendered":"Radio Programme"},"content":{"rendered":"\n<h2 class=\"wp-block-heading\">Radio Programme analog<\/h2>\n\n\n\n<div data-wp-interactive=\"core\/file\" class=\"wp-block-file\"><object data-wp-bind--hidden=\"!state.hasPdfPreview\" hidden class=\"wp-block-file__embed\" data=\"https:\/\/www.ktv-ternberg.at\/wp-content\/uploads\/2025\/02\/Senderliste_UKW.pdf\" type=\"application\/pdf\" style=\"width:100%;height:600px\" aria-label=\"Einbettung von Senderliste_UKW.\"><\/object><a id=\"wp-block-file--media-b8825ae6-0bf7-4f46-ad44-9e43dcafb32a\" href=\"https:\/\/www.ktv-ternberg.at\/wp-content\/uploads\/2025\/02\/Senderliste_UKW.pdf\" target=\"_blank\" rel=\"noreferrer noopener\">Senderliste_UKW<\/a><a href=\"https:\/\/www.ktv-ternberg.at\/wp-content\/uploads\/2025\/02\/Senderliste_UKW.pdf\" class=\"wp-block-file__button wp-element-button\" download aria-describedby=\"wp-block-file--media-b8825ae6-0bf7-4f46-ad44-9e43dcafb32a\">Herunterladen<\/a><\/div>\n\n\n\n<div class=\"wp-block-columns is-layout-flex wp-container-core-columns-is-layout-9d6595d7 wp-block-columns-is-layout-flex\">\n<div class=\"wp-block-column is-layout-flow wp-block-column-is-layout-flow\" style=\"flex-basis:100%\">\n<figure class=\"wp-block-table\"><table><tbody><tr><td><strong>Programm<\/strong><\/td><td><strong>Sender<\/strong><\/td><td><strong>Frequenz<\/strong> <strong>[MHz]<\/strong><\/td><\/tr><tr><td>01<\/td><td>\u00d61<\/td><td>100,7<\/td><\/tr><tr><td>02<\/td><td>\u00d62 O\u00d6<\/td><td>100,3<\/td><\/tr><tr><td>03<\/td><td>\u00d62 N\u00d6<\/td><td>101,3<\/td><\/tr><tr><td>04<\/td><td>DLF Kultur<\/td><td>98,2<\/td><\/tr><tr><td>05<\/td><td>Klassik Radio<\/td><td>96,8<\/td><\/tr><tr><td>06<\/td><td>DLF Nova<\/td><td>108,0<\/td><\/tr><tr><td>07<\/td><td>\u00d63<\/td><td>95,5<\/td><\/tr><tr><td>08<\/td><td>FM4<\/td><td>97,8<\/td><\/tr><tr><td>09<\/td><td>Live-Radio<\/td><td>106,1<\/td><\/tr><tr><td>10<\/td><td>Radio Arabella<\/td><td>99,8<\/td><\/tr><tr><td>11<\/td><td>OE 24 Radio<\/td><td>99,00<\/td><\/tr><tr><td>12<\/td><td>Bayern 1<\/td><td>101,7<\/td><\/tr><tr><td>13<\/td><td>Bayern 2<\/td><td>102,1<\/td><\/tr><tr><td>14<\/td><td>Bayern 3<\/td><td>103,0<\/td><\/tr><tr><td>15<\/td><td>BR Klassik<\/td><td>105,7<\/td><\/tr><tr><td>16<\/td><td>BR 24<\/td><td>104,8<\/td><\/tr><tr><td>17<\/td><td>DLF<\/td><td>96,0<\/td><\/tr><tr><td>18<\/td><td>Radio Maria<\/td><td>107,2<\/td><\/tr><tr><td>19<\/td><td>Krone Hit Radio<\/td><td>106,6<\/td><\/tr><tr><td>20<\/td><td>Welle 1<\/td><td>106,9<\/td><\/tr><tr><td>21<\/td><td>Antenne Bayern<\/td><td>105,3<\/td><\/tr><tr><td>22<\/td><td>JAM FM<\/td><td>102,5<\/td><\/tr><tr><td>23<\/td><td>RTL-Oldie Sender<\/td><td>96,4<\/td><\/tr><tr><td>24<\/td><td>Impuls CZ<\/td><td>103,4<\/td><\/tr><tr><td>25<\/td><td><br>egoFM<\/td><td>107,6<\/td><\/tr><tr><td><\/td><td><\/td><td><\/td><\/tr><\/tbody><\/table><\/figure>\n<\/div>\n<\/div>\n\n\n\n<p><\/p>\n","protected":false},"excerpt":{"rendered":"<p>Radio Programme analog Programm Sender Frequenz [MHz] 01 \u00d61 100,7 02 \u00d62 O\u00d6 100,3 03 \u00d62 N\u00d6 101,3 04 DLF Kultur 98,2 05 Klassik Radio 96,8 06 DLF Nova 108,0 07 \u00d63 95,5 08 FM4 97,8 09 Live-Radio 106,1 10 Radio Arabella 99,8 11 OE 24 Radio 99,00 12 Bayern 1 101,7 13 Bayern 2&hellip;&nbsp;<a href=\"https:\/\/www.ktv-ternberg.at\/index.php\/radio-programme\/\" rel=\"bookmark\">Weiterlesen &raquo;<span class=\"screen-reader-text\">Radio Programme<\/span><\/a><\/p>\n","protected":false},"author":1,"featured_media":0,"parent":0,"menu_order":0,"comment_status":"closed","ping_status":"closed","template":"","meta":{"neve_meta_sidebar":"","neve_meta_container":"","neve_meta_enable_content_width":"","neve_meta_content_width":0,"neve_meta_title_alignment":"","neve_meta_author_avatar":"","neve_post_elements_order":"","neve_meta_disable_header":"","neve_meta_disable_footer":"","neve_meta_disable_title":"","footnotes":""},"class_list":["post-93","page","type-page","status-publish","hentry"],"_links":{"self":[{"href":"https:\/\/www.ktv-ternberg.at\/index.php\/wp-json\/wp\/v2\/pages\/93","targetHints":{"allow":["GET"]}}],"collection":[{"href":"https:\/\/www.ktv-ternberg.at\/index.php\/wp-json\/wp\/v2\/pages"}],"about":[{"href":"https:\/\/www.ktv-ternberg.at\/index.php\/wp-json\/wp\/v2\/types\/page"}],"author":[{"embeddable":true,"href":"https:\/\/www.ktv-ternberg.at\/index.php\/wp-json\/wp\/v2\/users\/1"}],"replies":[{"embeddable":true,"href":"https:\/\/www.ktv-ternberg.at\/index.php\/wp-json\/wp\/v2\/comments?post=93"}],"version-history":[{"count":15,"href":"https:\/\/www.ktv-ternberg.at\/index.php\/wp-json\/wp\/v2\/pages\/93\/revisions"}],"predecessor-version":[{"id":444,"href":"https:\/\/www.ktv-ternberg.at\/index.php\/wp-json\/wp\/v2\/pages\/93\/revisions\/444"}],"wp:attachment":[{"href":"https:\/\/www.ktv-ternberg.at\/index.php\/wp-json\/wp\/v2\/media?parent=93"}],"curies":[{"name":"wp","href":"https:\/\/api.w.org\/{rel}","templated":true}]}}