{"id":41,"date":"2022-08-05T12:14:43","date_gmt":"2022-08-05T10:14:43","guid":{"rendered":"https:\/\/www.ktv-ternberg.at\/?page_id=41"},"modified":"2024-11-19T18:31:07","modified_gmt":"2024-11-19T17:31:07","slug":"ueber-uns","status":"publish","type":"page","link":"https:\/\/www.ktv-ternberg.at\/index.php\/ueber-uns\/","title":{"rendered":"\u00dcber uns"},"content":{"rendered":"\n<h2 class=\"wp-block-heading\">Chronik<\/h2>\n\n\n\n<p>Auf Grund des schlechten Fernsehempfanges in Ternberg lud, \u00fcber Anregung des bereits gegr\u00fcndeten Proponentenkomitees, die Gemeinde Ternberg am 11. November 1973 zu einer Interessentenversammlung im Gasthaus Mandl zwecks Errichtung einer Fernsehantennenanlage ein.<br><\/p>\n\n\n\n<p>B\u00fcrgermeister Ing. Bergher er\u00f6ffnete die Versammlung und berichtete, dass in &#8222;Gro\u00dfternberg&#8220; Messungen und Versuche seitens des ORF gemacht wurden, die einen einwandfreien Empfang von 2 \u00f6sterreichischen und 3 deutschen Fernsehprogrammen, sowie einen besseren Rundfunkempfang ergaben.<br><\/p>\n\n\n\n<p>Bei der zweiten Interessentenversammlung am 11. November 1973 im Gasthaus Derfler unterfertigten bereits 79 Interessenten Vertr\u00e4ge. Ab diesem Zeitpunkt gingen laufend Anmeldungen ein, sodass dem geplanten Projekt nichts mehr im Wege stand.<br><\/p>\n\n\n\n<p>Die&nbsp;<strong>Inbetriebnahme der ersten Ausbaustufe<\/strong>&nbsp;erfolgte bereits am 20. Februar 1974.<br><\/p>\n\n\n\n<p>Im Jahre 1975 wurde mit dem Ausbau des Abschnittes B\u00e4ckengraben und Trattenbach begonnen. In den folgenden Jahren wurde das Kabelnetz sukzessive ausgebaut (Paukengraben, Wendbach, D\u00fcrnbach, Rosenthal, &#8230;.).<br><\/p>\n\n\n\n<p>Bei der Jahreshauptversammlung 1985 wurde die&nbsp;<strong>Programmerweiterung durch Satellitenempfang<\/strong>&nbsp;beschlossen. Am 24. April 1986 wurde die&nbsp;<strong>neue Kopfstation<\/strong>&nbsp;feierlich er\u00f6ffnet.<br><\/p>\n\n\n\n<p>Im Juni 1987 \u00fcbernahm der \u00f6rtliche Elektrofachhandel, Firma Lirscher, die Wartungsarbeiten. Um das Programmangebot weiter erh\u00f6hen zu k\u00f6nnen, wurden schrittweise die TV-Verst\u00e4rker von 300 auf 450 MHz umger\u00fcstet.<br><\/p>\n\n\n\n<figure class=\"wp-block-image size-large\"><img loading=\"lazy\" decoding=\"async\" width=\"1024\" height=\"551\" src=\"https:\/\/www.ktv-ternberg.at\/wp-content\/uploads\/2023\/03\/erster_Vorstand25_3_93_Vereinsgruendungsversammlung_klein-1024x551.jpg\" alt=\"\" class=\"wp-image-307\" srcset=\"https:\/\/www.ktv-ternberg.at\/wp-content\/uploads\/2023\/03\/erster_Vorstand25_3_93_Vereinsgruendungsversammlung_klein-1024x551.jpg 1024w, https:\/\/www.ktv-ternberg.at\/wp-content\/uploads\/2023\/03\/erster_Vorstand25_3_93_Vereinsgruendungsversammlung_klein-300x162.jpg 300w, https:\/\/www.ktv-ternberg.at\/wp-content\/uploads\/2023\/03\/erster_Vorstand25_3_93_Vereinsgruendungsversammlung_klein-768x414.jpg 768w, https:\/\/www.ktv-ternberg.at\/wp-content\/uploads\/2023\/03\/erster_Vorstand25_3_93_Vereinsgruendungsversammlung_klein.jpg 1413w\" sizes=\"auto, (max-width: 1024px) 100vw, 1024px\" \/><\/figure>\n\n\n\n<p>Im Jahre 1993 erfolgte die&nbsp;<strong>offizielle Vereinseintragung<\/strong>&nbsp;mit beh\u00f6rdlicher Genehmigung bei der O\u00d6 Sicherheitsdirektion.<br><\/p>\n\n\n\n<p>Im Jahre 1996 wurde Herr Hubauer Johann, nach dem Ableben von Herrn Sparr, zum&nbsp;<strong>neuen Obmann<\/strong>&nbsp;gew\u00e4hlt.<br><\/p>\n\n\n\n<p>Durch \u00d6ffnung der Netze f\u00fcr aktive Programmsch\u00f6pfung (Lokal-TV) ab 1.8.1996, bereitete sich auch KTV-Ternberg auf die Ausstrahlung von Laufbildern vor. Ende 1996 startete die&nbsp;<strong>Ausstrahlung des regionalen Fernsehens RTV-Schott<\/strong>.<br><\/p>\n\n\n\n<p>In den folgenden Jahren wurde das Fernseh- und Rundfunkprogrammangebot erweitert und auch &#8222;<strong>Digitale Pakete<\/strong>&#8220; (Premiere World, ORF Digital) aufgeschaltet.<br><\/p>\n\n\n\n<p>Da das Internet in immer mehr Lebensbereichen Einzug h\u00e4lt, wurde nach einer Mitgliederbefragung im Mai 2002 beschlossen, die Kabelanlage zu modernisieren und den&nbsp;<strong>Internetbetrieb aufzunehmen<\/strong>.<\/p>\n\n\n\n<p>Aufgrund der stetig steigenden Ums\u00e4tze wurde im Juli 2007 die Gr\u00fcndung der <strong>Kabel-TV Ternberg BetriebsGmbH<\/strong> erforderlich. Um auf die <strong>\u201eGlasfasertechnologie\u201c<\/strong> umsteigen zu k\u00f6nnen, erwarben wir im Dezember 2015 das Geb\u00e4ude in der Sportplatzstra\u00dfe. Die neue \u201eZentrale\u201c wurde umgebaut und 2020 ein Zubau errichtet.<\/p>\n\n\n\n<p>Derzeit wird flei\u00dfig am  Ausbau  des Glasfasernetzes gearbeitet um den zuk\u00fcnftigen Anforderungen gerecht zu werden.<\/p>\n","protected":false},"excerpt":{"rendered":"<p>Chronik Auf Grund des schlechten Fernsehempfanges in Ternberg lud, \u00fcber Anregung des bereits gegr\u00fcndeten Proponentenkomitees, die Gemeinde Ternberg am 11. November 1973 zu einer Interessentenversammlung im Gasthaus Mandl zwecks Errichtung einer Fernsehantennenanlage ein. B\u00fcrgermeister Ing. Bergher er\u00f6ffnete die Versammlung und berichtete, dass in &#8222;Gro\u00dfternberg&#8220; Messungen und Versuche seitens des ORF gemacht wurden, die einen einwandfreien&hellip;&nbsp;<a href=\"https:\/\/www.ktv-ternberg.at\/index.php\/ueber-uns\/\" rel=\"bookmark\">Weiterlesen &raquo;<span class=\"screen-reader-text\">\u00dcber uns<\/span><\/a><\/p>\n","protected":false},"author":1,"featured_media":0,"parent":0,"menu_order":0,"comment_status":"closed","ping_status":"closed","template":"","meta":{"neve_meta_sidebar":"","neve_meta_container":"","neve_meta_enable_content_width":"","neve_meta_content_width":0,"neve_meta_title_alignment":"","neve_meta_author_avatar":"","neve_post_elements_order":"","neve_meta_disable_header":"","neve_meta_disable_footer":"","neve_meta_disable_title":"","footnotes":""},"class_list":["post-41","page","type-page","status-publish","hentry"],"_links":{"self":[{"href":"https:\/\/www.ktv-ternberg.at\/index.php\/wp-json\/wp\/v2\/pages\/41","targetHints":{"allow":["GET"]}}],"collection":[{"href":"https:\/\/www.ktv-ternberg.at\/index.php\/wp-json\/wp\/v2\/pages"}],"about":[{"href":"https:\/\/www.ktv-ternberg.at\/index.php\/wp-json\/wp\/v2\/types\/page"}],"author":[{"embeddable":true,"href":"https:\/\/www.ktv-ternberg.at\/index.php\/wp-json\/wp\/v2\/users\/1"}],"replies":[{"embeddable":true,"href":"https:\/\/www.ktv-ternberg.at\/index.php\/wp-json\/wp\/v2\/comments?post=41"}],"version-history":[{"count":7,"href":"https:\/\/www.ktv-ternberg.at\/index.php\/wp-json\/wp\/v2\/pages\/41\/revisions"}],"predecessor-version":[{"id":362,"href":"https:\/\/www.ktv-ternberg.at\/index.php\/wp-json\/wp\/v2\/pages\/41\/revisions\/362"}],"wp:attachment":[{"href":"https:\/\/www.ktv-ternberg.at\/index.php\/wp-json\/wp\/v2\/media?parent=41"}],"curies":[{"name":"wp","href":"https:\/\/api.w.org\/{rel}","templated":true}]}}