{"id":130,"date":"2022-09-17T18:40:17","date_gmt":"2022-09-17T16:40:17","guid":{"rendered":"https:\/\/www.ktv-ternberg.at\/?page_id=130"},"modified":"2022-09-17T18:40:17","modified_gmt":"2022-09-17T16:40:17","slug":"impressum","status":"publish","type":"page","link":"https:\/\/www.ktv-ternberg.at\/index.php\/impressum\/","title":{"rendered":"Impressum"},"content":{"rendered":"\n<p><strong>Kabel-TV 4452 Ternberg<br><\/strong>Thalerstra\u00dfe 20<br>4452 Ternberg<\/p>\n\n\n\n<p>ZVR: 180839379<\/p>\n\n\n\n<p>Telefon: 0664 1243583<br>E-Mail:\u00a0<a href=\"mailto:office@ktv-ternberg.at\">office@ktv-ternberg.at<\/a><\/p>\n\n\n\n<p><strong>Haftungshinweis:<\/strong><br>Trotz sorgf\u00e4ltiger inhaltlicher Kontrolle kann keine Garantie f\u00fcr Richtigkeit, Vollst\u00e4ndigkeit&nbsp;und Aktualit\u00e4t der Angaben \u00fcbernommen werden.Weiters \u00fcbernehmen wir keine Haftung f\u00fcr die Inhalte externer Links. F\u00fcr den Inhalt der verlinkten Seiten sind ausschlie\u00dflich deren Betreiber verantwortlich.<\/p>\n","protected":false},"excerpt":{"rendered":"<p>Kabel-TV 4452 TernbergThalerstra\u00dfe 204452 Ternberg ZVR: 180839379 Telefon: 0664 1243583E-Mail:\u00a0office@ktv-ternberg.at Haftungshinweis:Trotz sorgf\u00e4ltiger inhaltlicher Kontrolle kann keine Garantie f\u00fcr Richtigkeit, Vollst\u00e4ndigkeit&nbsp;und Aktualit\u00e4t der Angaben \u00fcbernommen werden.Weiters \u00fcbernehmen wir keine Haftung f\u00fcr die Inhalte externer Links. F\u00fcr den Inhalt der verlinkten Seiten sind ausschlie\u00dflich deren Betreiber verantwortlich.<\/p>\n","protected":false},"author":1,"featured_media":0,"parent":0,"menu_order":0,"comment_status":"closed","ping_status":"closed","template":"","meta":{"neve_meta_sidebar":"","neve_meta_container":"","neve_meta_enable_content_width":"","neve_meta_content_width":0,"neve_meta_title_alignment":"","neve_meta_author_avatar":"","neve_post_elements_order":"","neve_meta_disable_header":"","neve_meta_disable_footer":"","neve_meta_disable_title":"","footnotes":""},"class_list":["post-130","page","type-page","status-publish","hentry"],"_links":{"self":[{"href":"https:\/\/www.ktv-ternberg.at\/index.php\/wp-json\/wp\/v2\/pages\/130","targetHints":{"allow":["GET"]}}],"collection":[{"href":"https:\/\/www.ktv-ternberg.at\/index.php\/wp-json\/wp\/v2\/pages"}],"about":[{"href":"https:\/\/www.ktv-ternberg.at\/index.php\/wp-json\/wp\/v2\/types\/page"}],"author":[{"embeddable":true,"href":"https:\/\/www.ktv-ternberg.at\/index.php\/wp-json\/wp\/v2\/users\/1"}],"replies":[{"embeddable":true,"href":"https:\/\/www.ktv-ternberg.at\/index.php\/wp-json\/wp\/v2\/comments?post=130"}],"version-history":[{"count":1,"href":"https:\/\/www.ktv-ternberg.at\/index.php\/wp-json\/wp\/v2\/pages\/130\/revisions"}],"predecessor-version":[{"id":131,"href":"https:\/\/www.ktv-ternberg.at\/index.php\/wp-json\/wp\/v2\/pages\/130\/revisions\/131"}],"wp:attachment":[{"href":"https:\/\/www.ktv-ternberg.at\/index.php\/wp-json\/wp\/v2\/media?parent=130"}],"curies":[{"name":"wp","href":"https:\/\/api.w.org\/{rel}","templated":true}]}}