{"id":120,"date":"2022-09-17T18:26:20","date_gmt":"2022-09-17T16:26:20","guid":{"rendered":"https:\/\/www.ktv-ternberg.at\/?page_id=120"},"modified":"2025-12-10T10:18:25","modified_gmt":"2025-12-10T09:18:25","slug":"betriebsgmbh","status":"publish","type":"page","link":"https:\/\/www.ktv-ternberg.at\/index.php\/betriebsgmbh\/","title":{"rendered":"BetriebsGmbH"},"content":{"rendered":"\n<p>Laut Beschluss der Generalversammlung vom 09. Mai 2007 wurde eine BetriebsGmbH gegr\u00fcndet. Der Bereich Internet, TV und Radio wurde am 01. Juli 2007 vom Verein Kabel-TV 4452 Ternberg ausgegliedert und in diese BetriebsGmbH eingebracht. Als Gesch\u00e4ftsf\u00fchrer wurde Herr Bruno Wiltschko (GF bis Ende 2024) f\u00fcr technische und Herr Josef Unterberger (GF bis Nov. 2025) f\u00fcr kaufm\u00e4nnische Belange bestellt. Ab Dezember 2025 \u00fcbernahm Herr Wolfgang St\u00f6gmann die Gesch\u00e4ftsf\u00fchrung. Herr Johann Hubauer vertritt die BetriebsGmbH aufgrund der erteilten Handelsvollmacht.\u00a0<\/p>\n\n\n\n<p>Kabel-TV Ternberg BetriebsGmbH<br>Gr\u00fcnburger Stra\u00dfe 9<br>A-4452 Ternberg<\/p>\n\n\n\n<p>Tel. 0043 676 814207944<br>E-Mail:&nbsp;<a href=\"mailto:office@ktv-ternberg.atHomepage\">office@ktv-ternberg.at<br><\/a><a>Homepage<\/a>:&nbsp;<a href=\"https:\/\/www.ktv-ternberg.at\/\">www.ktv-ternberg.at<\/a>&nbsp;<br><\/p>\n\n\n\n<p>Firmenbuchnummer: FN 295705k<br>Firmensitz: Ternberg, Ober\u00f6sterreich<br>Firmenbuchgericht: Landesgericht Steyr<br><\/p>\n\n\n\n<p>DVR-Nr.: 3002753<br>Umsatzsteuer-Identifikationsnummer: ATU 63536677<br>Gesch\u00e4ftsf\u00fchrung: Wolfgang St\u00f6gmann<br><\/p>\n\n\n\n<p>Gesellschafter der &#8222;Kabel-TV Ternberg BetriebsGmbH&#8220;<br>Kabel-TV 4452 Ternberg ZVR 180839379<br><\/p>\n\n\n\n<p><strong>Haftungshinweis:&nbsp;<\/strong><\/p>\n\n\n\n<p>Trotz sorgf\u00e4ltiger inhaltlicher Kontrolle kann keine Garantie f\u00fcr Richtigkeit, Vollst\u00e4ndigkeit und Aktualit\u00e4t der Angaben \u00fcbernommen werden. Weiters \u00fcbernehmen wir keine Haftung f\u00fcr die Inhalte externer Links. F\u00fcr den Inhalt der verlinkten Seiten sind ausschlie\u00dflich deren Betreiber verantwortlich.&nbsp;<\/p>\n","protected":false},"excerpt":{"rendered":"<p>Laut Beschluss der Generalversammlung vom 09. Mai 2007 wurde eine BetriebsGmbH gegr\u00fcndet. Der Bereich Internet, TV und Radio wurde am 01. Juli 2007 vom Verein Kabel-TV 4452 Ternberg ausgegliedert und in diese BetriebsGmbH eingebracht. Als Gesch\u00e4ftsf\u00fchrer wurde Herr Bruno Wiltschko (GF bis Ende 2024) f\u00fcr technische und Herr Josef Unterberger (GF bis Nov. 2025) f\u00fcr&hellip;&nbsp;<a href=\"https:\/\/www.ktv-ternberg.at\/index.php\/betriebsgmbh\/\" rel=\"bookmark\">Weiterlesen &raquo;<span class=\"screen-reader-text\">BetriebsGmbH<\/span><\/a><\/p>\n","protected":false},"author":1,"featured_media":0,"parent":0,"menu_order":0,"comment_status":"closed","ping_status":"closed","template":"","meta":{"neve_meta_sidebar":"","neve_meta_container":"","neve_meta_enable_content_width":"","neve_meta_content_width":0,"neve_meta_title_alignment":"","neve_meta_author_avatar":"","neve_post_elements_order":"","neve_meta_disable_header":"","neve_meta_disable_footer":"","neve_meta_disable_title":"","footnotes":""},"class_list":["post-120","page","type-page","status-publish","hentry"],"_links":{"self":[{"href":"https:\/\/www.ktv-ternberg.at\/index.php\/wp-json\/wp\/v2\/pages\/120","targetHints":{"allow":["GET"]}}],"collection":[{"href":"https:\/\/www.ktv-ternberg.at\/index.php\/wp-json\/wp\/v2\/pages"}],"about":[{"href":"https:\/\/www.ktv-ternberg.at\/index.php\/wp-json\/wp\/v2\/types\/page"}],"author":[{"embeddable":true,"href":"https:\/\/www.ktv-ternberg.at\/index.php\/wp-json\/wp\/v2\/users\/1"}],"replies":[{"embeddable":true,"href":"https:\/\/www.ktv-ternberg.at\/index.php\/wp-json\/wp\/v2\/comments?post=120"}],"version-history":[{"count":7,"href":"https:\/\/www.ktv-ternberg.at\/index.php\/wp-json\/wp\/v2\/pages\/120\/revisions"}],"predecessor-version":[{"id":453,"href":"https:\/\/www.ktv-ternberg.at\/index.php\/wp-json\/wp\/v2\/pages\/120\/revisions\/453"}],"wp:attachment":[{"href":"https:\/\/www.ktv-ternberg.at\/index.php\/wp-json\/wp\/v2\/media?parent=120"}],"curies":[{"name":"wp","href":"https:\/\/api.w.org\/{rel}","templated":true}]}}