{"id":101,"date":"2022-09-17T16:57:59","date_gmt":"2022-09-17T14:57:59","guid":{"rendered":"https:\/\/www.ktv-ternberg.at\/?page_id=101"},"modified":"2023-03-08T15:10:59","modified_gmt":"2023-03-08T14:10:59","slug":"netzwerksuche","status":"publish","type":"page","link":"https:\/\/www.ktv-ternberg.at\/index.php\/netzwerksuche\/","title":{"rendered":"Netzwerksuche"},"content":{"rendered":"\n<p>Modernisierung unserer Kabelanlage!<\/p>\n\n\n\n<p>Am 4. Oktober 2016 wurde die Kopfstation in Ternberg von Technikern der Fa. Normann auf den aktuellen Stand der Technik hochger\u00fcstet.<\/p>\n\n\n\n<p>Mit dieser Umstellung ist es unumg\u00e4nglich die neuen &#8222;Digital-TV Ger\u00e4te&#8220; neu einzustellen, d.h. einen Sendersuchlauf (Netzwerksuche) durchzuf\u00fchren!<\/p>\n\n\n\n<p><strong>Einige technische Daten:<\/strong><\/p>\n\n\n\n<p>Netzwerkanbieter:&nbsp; &#8222;Andere&#8220;, &#8222;Sonstige&#8220;, &#8230;<\/p>\n\n\n\n<p>Netzwerk ID: 1<\/p>\n\n\n\n<p>Netzwerkfrequenz: 306,00 MHz = 306000 kHz<\/p>\n\n\n\n<p>Startfrequenz:&nbsp; 306 MHZ<\/p>\n\n\n\n<p>Stoppfrequenz: 858 MHz<\/p>\n\n\n\n<p>Modulation: QAM 256<\/p>\n\n\n\n<p>Symbolrate: 6900 Ms<\/p>\n\n\n\n<p>Sollte Ihr Fernsehger\u00e4t diese Netzwerksuche nicht unterst\u00fctzen, muss ein vollst\u00e4ndiger Suchlauf durchgef\u00fchrt werden!<\/p>\n\n\n\n<p>Nachtr\u00e4glich kann eine Reihung der&nbsp;Sender erfolgen. Bitte&nbsp;<strong>deaktivieren<\/strong>&nbsp;Sie die automatische Senderaktualisierung!!&nbsp;<\/p>\n\n\n\n<p>Im Informationskanal (analog auf Kanal S69) und auch im &#8222;TERNBERGTEXT&#8220;\u00a0finden Sie Informationen zur Umstellung.<\/p>\n\n\n\n<p>Sollten Sie Hilfe ben\u00f6tigen ist unser Obmann, Herr Ferdinand Gro\u00dfwindhager,&nbsp;unter der Telefonnummer 0664&nbsp;1243583&nbsp;erreichbar!<\/p>\n","protected":false},"excerpt":{"rendered":"<p>Modernisierung unserer Kabelanlage! Am 4. Oktober 2016 wurde die Kopfstation in Ternberg von Technikern der Fa. Normann auf den aktuellen Stand der Technik hochger\u00fcstet. Mit dieser Umstellung ist es unumg\u00e4nglich die neuen &#8222;Digital-TV Ger\u00e4te&#8220; neu einzustellen, d.h. einen Sendersuchlauf (Netzwerksuche) durchzuf\u00fchren! Einige technische Daten: Netzwerkanbieter:&nbsp; &#8222;Andere&#8220;, &#8222;Sonstige&#8220;, &#8230; Netzwerk ID: 1 Netzwerkfrequenz: 306,00 MHz =&hellip;&nbsp;<a href=\"https:\/\/www.ktv-ternberg.at\/index.php\/netzwerksuche\/\" rel=\"bookmark\">Weiterlesen &raquo;<span class=\"screen-reader-text\">Netzwerksuche<\/span><\/a><\/p>\n","protected":false},"author":1,"featured_media":0,"parent":0,"menu_order":0,"comment_status":"closed","ping_status":"closed","template":"","meta":{"neve_meta_sidebar":"","neve_meta_container":"","neve_meta_enable_content_width":"","neve_meta_content_width":0,"neve_meta_title_alignment":"","neve_meta_author_avatar":"","neve_post_elements_order":"","neve_meta_disable_header":"","neve_meta_disable_footer":"","neve_meta_disable_title":"","footnotes":""},"class_list":["post-101","page","type-page","status-publish","hentry"],"_links":{"self":[{"href":"https:\/\/www.ktv-ternberg.at\/index.php\/wp-json\/wp\/v2\/pages\/101","targetHints":{"allow":["GET"]}}],"collection":[{"href":"https:\/\/www.ktv-ternberg.at\/index.php\/wp-json\/wp\/v2\/pages"}],"about":[{"href":"https:\/\/www.ktv-ternberg.at\/index.php\/wp-json\/wp\/v2\/types\/page"}],"author":[{"embeddable":true,"href":"https:\/\/www.ktv-ternberg.at\/index.php\/wp-json\/wp\/v2\/users\/1"}],"replies":[{"embeddable":true,"href":"https:\/\/www.ktv-ternberg.at\/index.php\/wp-json\/wp\/v2\/comments?post=101"}],"version-history":[{"count":2,"href":"https:\/\/www.ktv-ternberg.at\/index.php\/wp-json\/wp\/v2\/pages\/101\/revisions"}],"predecessor-version":[{"id":193,"href":"https:\/\/www.ktv-ternberg.at\/index.php\/wp-json\/wp\/v2\/pages\/101\/revisions\/193"}],"wp:attachment":[{"href":"https:\/\/www.ktv-ternberg.at\/index.php\/wp-json\/wp\/v2\/media?parent=101"}],"curies":[{"name":"wp","href":"https:\/\/api.w.org\/{rel}","templated":true}]}}